{"id":2585,"date":"2024-05-25T12:08:48","date_gmt":"2024-05-25T10:08:48","guid":{"rendered":"https:\/\/fprealzaragoza.com\/tienda\/?post_type=product&#038;p=2585"},"modified":"2024-08-13T18:59:01","modified_gmt":"2024-08-13T16:59:01","slug":"recuerdo-de-la-romareda","status":"publish","type":"product","link":"https:\/\/fprealzaragoza.com\/tienda\/?product=recuerdo-de-la-romareda","title":{"rendered":"RECUERDO DE LA ROMAREDA"},"content":{"rendered":"<p>Recuerdo de La Romareda en arcilla.<\/p>\n<p>&nbsp;<\/p>\n<p>&nbsp;<\/p>\n<p>RECOGIDA: EN LA SEDE DE LA FEDERACI\u00d3N. SE INDICAR\u00c1 FECHA Y HORARIO DE RECOGIDA.<br \/>\n*Si no existe la posibilidad de recoger presencialmente, consultar condiciones de env\u00edo en el tel\u00e9fono de la federaci\u00f3n: 626016255<\/p>\n","protected":false},"excerpt":{"rendered":"<p>Recuerdo de La Romareda en arcilla. &nbsp; &nbsp; RECOGIDA: EN LA SEDE DE LA FEDERACI\u00d3N. SE INDICAR\u00c1 FECHA Y HORARIO DE RECOGIDA. *Si no existe la posibilidad de recoger presencialmente, consultar condiciones de env\u00edo en el tel\u00e9fono de la federaci\u00f3n: 626016255<\/p>\n","protected":false},"featured_media":2586,"comment_status":"open","ping_status":"closed","template":"","meta":{"_acf_changed":false},"product_cat":[58],"product_tag":[],"class_list":{"0":"post-2585","1":"product","2":"type-product","3":"status-publish","4":"has-post-thumbnail","6":"product_cat-merchandising","8":"first","9":"instock","10":"shipping-taxable","11":"purchasable","12":"product-type-simple"},"acf":[],"_links":{"self":[{"href":"https:\/\/fprealzaragoza.com\/tienda\/index.php?rest_route=\/wp\/v2\/product\/2585","targetHints":{"allow":["GET"]}}],"collection":[{"href":"https:\/\/fprealzaragoza.com\/tienda\/index.php?rest_route=\/wp\/v2\/product"}],"about":[{"href":"https:\/\/fprealzaragoza.com\/tienda\/index.php?rest_route=\/wp\/v2\/types\/product"}],"replies":[{"embeddable":true,"href":"https:\/\/fprealzaragoza.com\/tienda\/index.php?rest_route=%2Fwp%2Fv2%2Fcomments&post=2585"}],"wp:featuredmedia":[{"embeddable":true,"href":"https:\/\/fprealzaragoza.com\/tienda\/index.php?rest_route=\/wp\/v2\/media\/2586"}],"wp:attachment":[{"href":"https:\/\/fprealzaragoza.com\/tienda\/index.php?rest_route=%2Fwp%2Fv2%2Fmedia&parent=2585"}],"wp:term":[{"taxonomy":"product_cat","embeddable":true,"href":"https:\/\/fprealzaragoza.com\/tienda\/index.php?rest_route=%2Fwp%2Fv2%2Fproduct_cat&post=2585"},{"taxonomy":"product_tag","embeddable":true,"href":"https:\/\/fprealzaragoza.com\/tienda\/index.php?rest_route=%2Fwp%2Fv2%2Fproduct_tag&post=2585"}],"curies":[{"name":"wp","href":"https:\/\/api.w.org\/{rel}","templated":true}]}}